{"id":562,"date":"2021-02-11T12:43:10","date_gmt":"2021-02-11T12:43:10","guid":{"rendered":"http:\/\/iberg.kundzonen.se\/?page_id=562"},"modified":"2025-04-10T11:22:22","modified_gmt":"2025-04-10T11:22:22","slug":"aventyrsgolf","status":"publish","type":"page","link":"https:\/\/www.bergsslussar.com\/en\/aventyrsgolf\/","title":{"rendered":"\u00c4ventyrsgolf"},"content":{"rendered":"<p>[et_pb_section fb_built=&#8221;1&#8243; _builder_version=&#8221;4.16&#8243; custom_margin=&#8221;0px||0px||false|false&#8221; custom_padding=&#8221;0px||0px||false|false&#8221; global_colors_info=&#8221;{}&#8221;][et_pb_row column_structure=&#8221;1_2,1_6,1_6,1_6&#8243; use_custom_gutter=&#8221;on&#8221; gutter_width=&#8221;1&#8243; make_equal=&#8221;on&#8221; custom_padding_last_edited=&#8221;on|phone&#8221; _builder_version=&#8221;4.16&#8243; width=&#8221;100%&#8221; width_tablet=&#8221;100%&#8221; width_phone=&#8221;&#8221; width_last_edited=&#8221;on|tablet&#8221; max_width=&#8221;100%&#8221; module_alignment=&#8221;right&#8221; custom_margin=&#8221;0px||10px||false|false&#8221; custom_padding=&#8221;12px|40px|12px|10px|true|false&#8221; custom_padding_tablet=&#8221;12px|0px|12px|0px|true|true&#8221; custom_padding_phone=&#8221;&#8221; global_colors_info=&#8221;{}&#8221;][et_pb_column type=&#8221;1_2&#8243; _builder_version=&#8221;4.16&#8243; global_colors_info=&#8221;{}&#8221;][et_pb_image src=&#8221;https:\/\/www.bergsslussar.com\/wp-content\/uploads\/2021\/02\/cropped-iBerg-logo-liten.png&#8221; title_text=&#8221;cropped-iBerg-logo-liten.png&#8221; url=&#8221;@ET-DC@eyJkeW5hbWljIjp0cnVlLCJjb250ZW50IjoicG9zdF9saW5rX3VybF9wYWdlIiwic2V0dGluZ3MiOnsicG9zdF9pZCI6IjQ2OCJ9fQ==@&#8221; show_bottom_space=&#8221;off&#8221; _builder_version=&#8221;4.16&#8243; _dynamic_attributes=&#8221;url&#8221; width=&#8221;16%&#8221; width_tablet=&#8221;&#8221; width_phone=&#8221;40%&#8221; width_last_edited=&#8221;on|desktop&#8221; module_alignment=&#8221;left&#8221; custom_margin=&#8221;||||false|false&#8221; custom_padding=&#8221;||||false|false&#8221; global_colors_info=&#8221;{}&#8221;][\/et_pb_image][\/et_pb_column][et_pb_column type=&#8221;1_6&#8243; _builder_version=&#8221;4.16&#8243; global_colors_info=&#8221;{}&#8221;][et_pb_image src=&#8221;https:\/\/www.bergsslussar.com\/wp-content\/uploads\/2021\/02\/BoiBerg-logo-svart-rgb1743341.png&#8221; url=&#8221;@ET-DC@eyJkeW5hbWljIjp0cnVlLCJjb250ZW50IjoicG9zdF9saW5rX3VybF9wYWdlIiwic2V0dGluZ3MiOnsicG9zdF9pZCI6IjU1NSJ9fQ==@&#8221; _builder_version=&#8221;4.16&#8243; _dynamic_attributes=&#8221;url&#8221; width=&#8221;50%&#8221; width_tablet=&#8221;20%&#8221; width_phone=&#8221;24%&#8221; width_last_edited=&#8221;on|tablet&#8221; module_alignment=&#8221;center&#8221; custom_padding=&#8221;9px||||false|false&#8221; global_colors_info=&#8221;{}&#8221;][\/et_pb_image][\/et_pb_column][et_pb_column type=&#8221;1_6&#8243; _builder_version=&#8221;4.16&#8243; global_colors_info=&#8221;{}&#8221;][et_pb_image src=&#8221;https:\/\/www.bergsslussar.com\/wp-content\/uploads\/2021\/02\/fikaiBerg-logo-svart-rgb1743341.png&#8221; url=&#8221;@ET-DC@eyJkeW5hbWljIjp0cnVlLCJjb250ZW50IjoicG9zdF9saW5rX3VybF9wYWdlIiwic2V0dGluZ3MiOnsicG9zdF9pZCI6IjUyOCJ9fQ==@&#8221; show_bottom_space=&#8221;off&#8221; _builder_version=&#8221;4.16&#8243; _dynamic_attributes=&#8221;url&#8221; width=&#8221;57%&#8221; width_tablet=&#8221;20%&#8221; width_phone=&#8221;26%&#8221; width_last_edited=&#8221;on|tablet&#8221; module_alignment=&#8221;center&#8221; custom_padding=&#8221;10px||||false|false&#8221; global_colors_info=&#8221;{}&#8221;][\/et_pb_image][\/et_pb_column][et_pb_column type=&#8221;1_6&#8243; _builder_version=&#8221;4.16&#8243; global_colors_info=&#8221;{}&#8221;][et_pb_image src=&#8221;https:\/\/www.bergsslussar.com\/wp-content\/uploads\/2021\/02\/golfiBerg-logo-svart-rgb1743341.png&#8221; url=&#8221;@ET-DC@eyJkeW5hbWljIjp0cnVlLCJjb250ZW50IjoicG9zdF9saW5rX3VybF9wYWdlIiwic2V0dGluZ3MiOnsicG9zdF9pZCI6IjU2MiJ9fQ==@&#8221; align_tablet=&#8221;center&#8221; align_phone=&#8221;center&#8221; align_last_edited=&#8221;on|desktop&#8221; _builder_version=&#8221;4.16&#8243; _dynamic_attributes=&#8221;url&#8221; width=&#8221;106%&#8221; width_tablet=&#8221;40%&#8221; width_phone=&#8221;50%&#8221; width_last_edited=&#8221;on|phone&#8221; module_alignment=&#8221;center&#8221; custom_margin=&#8221;12px|||||&#8221; custom_padding=&#8221;|||14px||&#8221; global_colors_info=&#8221;{}&#8221;][\/et_pb_image][\/et_pb_column][\/et_pb_row][\/et_pb_section][et_pb_section fb_built=&#8221;1&#8243; _builder_version=&#8221;4.16&#8243; background_color=&#8221;rgba(0,0,0,0.33)&#8221; background_image=&#8221;https:\/\/www.bergsslussar.com\/wp-content\/uploads\/2021\/05\/PRE06780-scaled.jpg&#8221; background_blend=&#8221;multiply&#8221; custom_padding=&#8221;102px||98px|||&#8221; global_colors_info=&#8221;{}&#8221;][et_pb_row use_custom_gutter=&#8221;on&#8221; gutter_width=&#8221;1&#8243; make_equal=&#8221;on&#8221; _builder_version=&#8221;4.16&#8243; width=&#8221;100%&#8221; max_width=&#8221;1920px&#8221; custom_padding=&#8221;|0px|||false|false&#8221; global_colors_info=&#8221;{}&#8221;][et_pb_column type=&#8221;4_4&#8243; _builder_version=&#8221;4.16&#8243; global_colors_info=&#8221;{}&#8221;][et_pb_image src=&#8221;https:\/\/www.bergsslussar.com\/wp-content\/uploads\/2021\/02\/golfiBerg-logo-helvit.png&#8221; title_text=&#8221;golfiBerg-logo-helvit&#8221; _builder_version=&#8221;4.16&#8243; width=&#8221;50%&#8221; module_alignment=&#8221;center&#8221; global_colors_info=&#8221;{}&#8221;][\/et_pb_image][\/et_pb_column][\/et_pb_row][\/et_pb_section][et_pb_section fb_built=&#8221;1&#8243; _builder_version=&#8221;4.16&#8243; global_colors_info=&#8221;{}&#8221;][et_pb_row column_structure=&#8221;2_3,1_3&#8243; use_custom_gutter=&#8221;on&#8221; gutter_width=&#8221;1&#8243; make_equal=&#8221;on&#8221; _builder_version=&#8221;4.16&#8243; global_colors_info=&#8221;{}&#8221;][et_pb_column type=&#8221;2_3&#8243; _builder_version=&#8221;4.16&#8243; global_colors_info=&#8221;{}&#8221;][et_pb_text _builder_version=&#8221;4.16&#8243; header_4_text_color=&#8221;#AE2129&#8243; header_4_font_size=&#8221;17px&#8221; global_colors_info=&#8221;{}&#8221;]<\/p>\n<h3>V\u00e4lkommen till Sveriges b\u00e4sta \u00e4ventyrsgolfbana!<\/h3>\n<p>i Berg hittar du en toppmodern och arkitektritad anl\u00e4ggning med det omgivande slussomr\u00e5det som tema.<\/p>\n<h4>Vad \u00e4r \u00c4ventyrsgolf?<\/h4>\n<p>\u00c4ventyrsgolf \u00e4r den perfekta blandningen mellan vanlig golf och minigolf och inneh\u00e5ller banor med olika teman, banor med eller utan byggnader, vattensystem, bunkrar, hinder och utsmyckningar.<\/p>\n<p>Banorna p\u00e5minner om vanliga, stora golfbanor, men med skillnaden att det \u00e4r puttavst\u00e5nd till alla h\u00e5l.<\/p>\n<p>&nbsp;<\/p>\n<p>[\/et_pb_text][\/et_pb_column][et_pb_column type=&#8221;1_3&#8243; _builder_version=&#8221;4.16&#8243; background_color=&#8221;#1d3a07&#8243; custom_padding=&#8221;21px|26px|21px|26px|true|true&#8221; global_colors_info=&#8221;{}&#8221;][et_pb_text _builder_version=&#8221;4.27.0&#8243; text_text_color=&#8221;#FFFFFF&#8221; header_text_color=&#8221;#FFFFFF&#8221; header_4_font=&#8221;|||on|||||&#8221; header_4_text_color=&#8221;#FFFFFF&#8221; header_6_text_color=&#8221;#ffffff&#8221; header_6_font_size=&#8221;12px&#8221; header_6_line_height=&#8221;1.5em&#8221; custom_margin=&#8221;|7px||-13px|false|false&#8221; custom_padding=&#8221;||0px|||&#8221; global_module=&#8221;785&#8243; saved_tabs=&#8221;all&#8221; global_colors_info=&#8221;{}&#8221;]<\/p>\n<h4><strong>\u00d6PPETTIDER 2024<\/strong><\/h4>\n<p><span><span dir=\"ltr\">27 april &#8211; 24 maj<\/span>\u00a0\u00a0<span dir=\"ltr\">10.00-20.00<br \/><\/span><\/span><span><span dir=\"ltr\">25 maj &#8211; 14 juni<\/span>\u00a0<span dir=\"ltr\">09.00-21.00<br \/><\/span><\/span><span><span dir=\"ltr\">15 juni &#8211; 11 aug<\/span>\u00a008.00-22.00<br \/><\/span><span><span dir=\"ltr\">12 aug &#8211; 25 aug<\/span>\u00a009.00-20.00<br \/><\/span><span><span dir=\"ltr\">26 aug &#8211; 22 sept<\/span> 10.00-18.00<\/span><\/p>\n<div><\/div>\n<p>[\/et_pb_text][\/et_pb_column][\/et_pb_row][\/et_pb_section][et_pb_section fb_built=&#8221;1&#8243; _builder_version=&#8221;4.16&#8243; background_color=&#8221;rgba(73,51,0,0.1)&#8221; custom_padding=&#8221;109px||||false|false&#8221; top_divider_style=&#8221;wave&#8221; top_divider_color=&#8221;#ffffff&#8221; top_divider_height=&#8221;43px&#8221; top_divider_repeat=&#8221;5x&#8221; global_colors_info=&#8221;{}&#8221;][et_pb_row column_structure=&#8221;2_5,3_5&#8243; _builder_version=&#8221;4.16&#8243; background_color=&#8221;rgba(0,0,0,0)&#8221; global_colors_info=&#8221;{}&#8221;][et_pb_column type=&#8221;2_5&#8243; _builder_version=&#8221;4.16&#8243; global_colors_info=&#8221;{}&#8221;][et_pb_text _builder_version=&#8221;4.25.1&#8243; global_colors_info=&#8221;{}&#8221;]<\/p>\n<h3><strong>Spelregler<\/strong><\/h3>\n<p>1. Varje spelare l\u00f6ser egen klubba och boll. Spelarna b\u00f6r ha olika f\u00e4rg p\u00e5 bollen, s\u00e5 att man l\u00e4ttare s\u00e4rskiljer sina slag.<\/p>\n<p>2. Max 7 (sju) slag per bana.<\/p>\n<p>3. Alla spelare sl\u00e5r ut sitt f\u00f6rsta slag, d\u00e4r den spelare vars boll ligger n\u00e4rmast h\u00e5l forts\u00e4tter att sl\u00e5 sitt andra slag. Skulle n\u00e5gra bollar krocka ing\u00e5r detta i spelet.<\/p>\n<p>4. Om bollen spelas ned i vatten eller av banan tas bollen upp p\u00e5 banan d\u00e4r den spelades ned\/ut. Ett pliktslag r\u00e4knas till i protokollet.<\/p>\n<p>5. Om bollen spelas ned i sandbunker eller i ruffgr\u00e4s spelas bollen vidare d\u00e4rifr\u00e5n och inget pliktslag r\u00e4knas.<\/p>\n<p>6. Flaggorna ska alltid sitta kvar i h\u00e5l.<\/p>\n<p>7. Vid spelets slut r\u00e4knas antalet slag samman och den spelare med minst antal slag har vunnit.<\/p>\n<p>8. Banorna spelas i (de flesta fall) i nummerf\u00f6ljd. Se efter vad som g\u00e4ller p\u00e5 just den anl\u00e4ggning du spelar p\u00e5.<\/p>\n<p>9. Det \u00e5ligger f\u00f6r\u00e4lder\/ledare att instruera sina barn om faran med vattendammar, kanaler, h\u00f6jdskillnader och r\u00f6rliga f\u00f6rem\u00e5l\/hinder p\u00e5 anl\u00e4ggningen.<\/p>\n<p>10. St\u00e5 aldrig bakom den som sl\u00e5r.<\/p>\n<p>11. Banorna ska spelas med putter och minigolfboll.<\/p>\n<p>[\/et_pb_text][\/et_pb_column][et_pb_column type=&#8221;3_5&#8243; _builder_version=&#8221;4.16&#8243; global_colors_info=&#8221;{}&#8221;][et_pb_image src=&#8221;https:\/\/www.bergsslussar.com\/wp-content\/uploads\/2024\/06\/2024_Bergs-Slussar_Sweden_webb_2.jpg&#8221; title_text=&#8221;2024_Bergs-Slussar_Sweden_webb_2&#8243; align=&#8221;center&#8221; _builder_version=&#8221;4.16&#8243; global_colors_info=&#8221;{}&#8221;][\/et_pb_image][et_pb_text _builder_version=&#8221;4.27.4&#8243; hover_enabled=&#8221;0&#8243; global_colors_info=&#8221;{}&#8221; sticky_enabled=&#8221;0&#8243;]<\/p>\n<h1><strong>Pris<\/strong><\/h1>\n<p><strong>\u00c4ventyrsgolf 18 h\u00e5l<br \/><\/strong>Vuxen: 130:-<br \/>Barn tom. 12 \u00e5r: 100:-<br \/>Pension\u00e4r: 100:-<\/p>\n<p>[\/et_pb_text][\/et_pb_column][\/et_pb_row][\/et_pb_section][et_pb_section fb_built=&#8221;1&#8243; _builder_version=&#8221;4.16&#8243; custom_margin=&#8221;||102px||false|false&#8221; custom_padding=&#8221;0px||0px||true|false&#8221; global_colors_info=&#8221;{}&#8221;][et_pb_row column_structure=&#8221;1_2,1_2&#8243; use_custom_gutter=&#8221;on&#8221; gutter_width=&#8221;1&#8243; make_equal=&#8221;on&#8221; _builder_version=&#8221;4.16&#8243; _dynamic_attributes=&#8221;link_option_url&#8221; background_color=&#8221;RGBA(0,0,0,0)&#8221; width=&#8221;100%&#8221; custom_padding=&#8221;0px||0px||false|false&#8221; link_option_url=&#8221;@ET-DC@eyJkeW5hbWljIjp0cnVlLCJjb250ZW50IjoicG9zdF9saW5rX3VybF9wYWdlIiwic2V0dGluZ3MiOnsicG9zdF9pZCI6IjUyOCJ9fQ==@&#8221; box_shadow_style=&#8221;preset3&#8243; global_colors_info=&#8221;{}&#8221;][et_pb_column type=&#8221;1_2&#8243; _builder_version=&#8221;4.16&#8243; background_color=&#8221;rgba(141,201,194,0.25)&#8221; global_colors_info=&#8221;{}&#8221;][et_pb_text _builder_version=&#8221;4.16&#8243; text_font=&#8221;||||||||&#8221; text_font_size=&#8221;20px&#8221; text_line_height=&#8221;1.8em&#8221; header_2_font=&#8221;|600|||||||&#8221; header_2_text_color=&#8221;#6B6B6B&#8221; header_2_font_size=&#8221;46px&#8221; header_2_line_height=&#8221;1.3em&#8221; custom_margin=&#8221;20px||||false|false&#8221; custom_padding=&#8221;49px|27px||50px|false|false&#8221; custom_padding_tablet=&#8221;|52px||52px|false|true&#8221; custom_padding_phone=&#8221;|30px||30px|false|true&#8221; custom_padding_last_edited=&#8221;on|phone&#8221; global_colors_info=&#8221;{}&#8221;]<\/p>\n<h2>Golf med glass!<\/h2>\n<p>Avsluta golfen med en god glass i v\u00e5rt caf\u00e9. Vi har ett brett utbud av gott fika.<\/p>\n<p>[\/et_pb_text][\/et_pb_column][et_pb_column type=&#8221;1_2&#8243; _builder_version=&#8221;4.16&#8243; background_image=&#8221;https:\/\/www.bergsslussar.com\/wp-content\/uploads\/2021\/03\/glass2.png&#8221; global_colors_info=&#8221;{}&#8221;][et_pb_divider show_divider=&#8221;off&#8221; _builder_version=&#8221;4.16&#8243; custom_padding=&#8221;157px||157px||true|false&#8221; global_colors_info=&#8221;{}&#8221;][\/et_pb_divider][et_pb_image src=&#8221;https:\/\/www.bergsslussar.com\/wp-content\/uploads\/2021\/02\/fikaiBerg-logo-helvit-300&#215;91.png&#8221; title_text=&#8221;fikaiBerg-logo-helvit&#8221; align=&#8221;right&#8221; _builder_version=&#8221;4.16&#8243; custom_margin=&#8221;|16px|||false|false&#8221; global_colors_info=&#8221;{}&#8221;][\/et_pb_image][\/et_pb_column][\/et_pb_row][\/et_pb_section][et_pb_section fb_built=&#8221;1&#8243; _builder_version=&#8221;4.16&#8243; background_color=&#8221;rgba(0,0,0,0.22)&#8221; background_image=&#8221;https:\/\/www.bergsslussar.com\/wp-content\/uploads\/2021\/02\/golfen1.jpg&#8221; background_blend=&#8221;multiply&#8221; global_colors_info=&#8221;{}&#8221;][et_pb_row column_structure=&#8221;3_4,1_4&#8243; use_custom_gutter=&#8221;on&#8221; gutter_width=&#8221;1&#8243; make_equal=&#8221;on&#8221; _builder_version=&#8221;4.16&#8243; custom_margin=&#8221;0px||0px||false|false&#8221; custom_padding=&#8221;0px||0px||false|false&#8221; border_width_all=&#8221;50px&#8221; border_color_all=&#8221;#FFFFFF&#8221; border_width_all_tablet=&#8221;40px&#8221; border_width_all_phone=&#8221;26px&#8221; border_width_all_last_edited=&#8221;on|phone&#8221; global_colors_info=&#8221;{}&#8221;][et_pb_column type=&#8221;3_4&#8243; _builder_version=&#8221;4.16&#8243; global_colors_info=&#8221;{}&#8221;][et_pb_gallery gallery_ids=&#8221;567,566,24&#8243; gallery_orderby=&#8221;rand&#8221; fullwidth=&#8221;on&#8221; _builder_version=&#8221;4.16&#8243; global_colors_info=&#8221;{}&#8221;][\/et_pb_gallery][\/et_pb_column][et_pb_column type=&#8221;1_4&#8243; _builder_version=&#8221;4.16&#8243; background_color=&#8221;#D6D6D6&#8243; custom_padding=&#8221;24px|25px|24px|25px|true|true&#8221; global_colors_info=&#8221;{}&#8221;][et_pb_text _builder_version=&#8221;4.16&#8243; text_font_size=&#8221;11px&#8221; text_line_height=&#8221;1.6em&#8221; header_text_color=&#8221;#AE2129&#8243; header_4_font=&#8221;|600|||||||&#8221; header_4_text_color=&#8221;#AE2129&#8243; header_4_font_size=&#8221;13px&#8221; global_colors_info=&#8221;{}&#8221;]<\/p>\n<h4>F\u00f6lj oss p\u00e5 sociala medier<\/h4>\n<p>H\u00e5ll kontakten med oss via v\u00e5ra sociala medier. D\u00e4r presenterar vi v\u00e5ra kommande evenemang, \u00f6ppettider mm.<\/p>\n<p>[\/et_pb_text][et_pb_text _builder_version=&#8221;4.16&#8243; text_font_size=&#8221;11px&#8221; text_line_height=&#8221;1.6em&#8221; header_4_font=&#8221;|600|||||||&#8221; header_4_text_color=&#8221;#AE2129&#8243; header_4_font_size=&#8221;13px&#8221; custom_margin=&#8221;14px||||false|false&#8221; global_colors_info=&#8221;{}&#8221;]<\/p>\n<h4>Tagga oss!<\/h4>\n<p>Tagga g\u00e4rna oss i dina bilder p\u00e5 sociala medier, s\u00e5 kan du vara med och vinna presentkort hos oss!<\/p>\n<p>#boiberg och @bergsslussarsvandrarhem<\/p>\n<p>[\/et_pb_text][et_pb_social_media_follow icon_color=&#8221;#FFFFFF&#8221; use_icon_font_size=&#8221;on&#8221; icon_font_size=&#8221;26px&#8221; _builder_version=&#8221;4.1&#8243; custom_margin=&#8221;24px||||false|false&#8221; filter_sepia=&#8221;100%&#8221; border_radii=&#8221;on|100%|100%|100%|100%&#8221; global_module=&#8221;820&#8243; saved_tabs=&#8221;all&#8221; global_colors_info=&#8221;{}&#8221;][et_pb_social_media_follow_network social_network=&#8221;facebook&#8221; url=&#8221;https:\/\/www.facebook.com\/Bergs-slussar-Vandrarhem%C3%84ventyrsgolf-769339766447339\/&#8221; _builder_version=&#8221;4.16&#8243; background_color=&#8221;#3b5998&#8243; global_colors_info=&#8221;{}&#8221; follow_button=&#8221;off&#8221; url_new_window=&#8221;on&#8221;]facebook[\/et_pb_social_media_follow_network][et_pb_social_media_follow_network social_network=&#8221;instagram&#8221; url=&#8221;https:\/\/www.instagram.com\/bergs.slussar\/&#8221; _builder_version=&#8221;4.16&#8243; background_color=&#8221;#ea2c59&#8243; global_colors_info=&#8221;{}&#8221; follow_button=&#8221;off&#8221; url_new_window=&#8221;on&#8221;]instagram[\/et_pb_social_media_follow_network][\/et_pb_social_media_follow][\/et_pb_column][\/et_pb_row][\/et_pb_section]<\/p>\n","protected":false},"excerpt":{"rendered":"<p>V\u00e4lkommen till Sveriges b\u00e4sta \u00e4ventyrsgolfbana! i Berg hittar du en toppmodern och arkitektritad anl\u00e4ggning med det omgivande slussomr\u00e5det som tema. Vad \u00e4r \u00c4ventyrsgolf? \u00c4ventyrsgolf \u00e4r den perfekta blandningen mellan vanlig golf och minigolf och inneh\u00e5ller banor med olika teman, banor med eller utan byggnader, vattensystem, bunkrar, hinder och utsmyckningar. Banorna p\u00e5minner om vanliga, stora golfbanor, [&hellip;]<\/p>\n","protected":false},"author":1,"featured_media":0,"parent":0,"menu_order":0,"comment_status":"closed","ping_status":"closed","template":"","meta":{"_et_pb_use_builder":"on","_et_pb_old_content":"","_et_gb_content_width":"","om_disable_all_campaigns":false,"_monsterinsights_skip_tracking":false,"_monsterinsights_sitenote_active":false,"_monsterinsights_sitenote_note":"","_monsterinsights_sitenote_category":0,"footnotes":""},"class_list":["post-562","page","type-page","status-publish","hentry"],"aioseo_notices":[],"_links":{"self":[{"href":"https:\/\/www.bergsslussar.com\/en\/wp-json\/wp\/v2\/pages\/562","targetHints":{"allow":["GET"]}}],"collection":[{"href":"https:\/\/www.bergsslussar.com\/en\/wp-json\/wp\/v2\/pages"}],"about":[{"href":"https:\/\/www.bergsslussar.com\/en\/wp-json\/wp\/v2\/types\/page"}],"author":[{"embeddable":true,"href":"https:\/\/www.bergsslussar.com\/en\/wp-json\/wp\/v2\/users\/1"}],"replies":[{"embeddable":true,"href":"https:\/\/www.bergsslussar.com\/en\/wp-json\/wp\/v2\/comments?post=562"}],"version-history":[{"count":22,"href":"https:\/\/www.bergsslussar.com\/en\/wp-json\/wp\/v2\/pages\/562\/revisions"}],"predecessor-version":[{"id":1335,"href":"https:\/\/www.bergsslussar.com\/en\/wp-json\/wp\/v2\/pages\/562\/revisions\/1335"}],"wp:attachment":[{"href":"https:\/\/www.bergsslussar.com\/en\/wp-json\/wp\/v2\/media?parent=562"}],"curies":[{"name":"wp","href":"https:\/\/api.w.org\/{rel}","templated":true}]}}