{"id":1171,"date":"2023-05-15T10:48:45","date_gmt":"2023-05-15T10:48:45","guid":{"rendered":"https:\/\/www.bergsslussar.com\/?page_id=1171"},"modified":"2024-06-19T06:42:00","modified_gmt":"2024-06-19T06:42:00","slug":"shuffleboard","status":"publish","type":"page","link":"https:\/\/www.bergsslussar.com\/de\/shuffleboard\/","title":{"rendered":"Shuffleboard"},"content":{"rendered":"<p>[et_pb_section fb_built=&#8221;1&#8243; _builder_version=&#8221;4.16&#8243; custom_margin=&#8221;0px||0px||false|false&#8221; custom_padding=&#8221;0px||0px||false|false&#8221; global_colors_info=&#8221;{}&#8221;][et_pb_row column_structure=&#8221;1_2,1_6,1_6,1_6&#8243; use_custom_gutter=&#8221;on&#8221; gutter_width=&#8221;1&#8243; make_equal=&#8221;on&#8221; custom_padding_last_edited=&#8221;on|phone&#8221; _builder_version=&#8221;4.16&#8243; width=&#8221;100%&#8221; width_tablet=&#8221;100%&#8221; width_phone=&#8221;&#8221; width_last_edited=&#8221;on|tablet&#8221; max_width=&#8221;100%&#8221; module_alignment=&#8221;right&#8221; custom_margin=&#8221;0px||10px||false|false&#8221; custom_padding=&#8221;12px|40px|12px|10px|true|false&#8221; custom_padding_tablet=&#8221;12px|0px|12px|0px|true|true&#8221; custom_padding_phone=&#8221;&#8221; global_colors_info=&#8221;{}&#8221;][et_pb_column type=&#8221;1_2&#8243; _builder_version=&#8221;4.16&#8243; global_colors_info=&#8221;{}&#8221;][et_pb_image src=&#8221;https:\/\/www.bergsslussar.com\/wp-content\/uploads\/2021\/02\/cropped-iBerg-logo-liten.png&#8221; title_text=&#8221;cropped-iBerg-logo-liten.png&#8221; url=&#8221;@ET-DC@eyJkeW5hbWljIjp0cnVlLCJjb250ZW50IjoicG9zdF9saW5rX3VybF9wYWdlIiwic2V0dGluZ3MiOnsicG9zdF9pZCI6IjQ2OCJ9fQ==@&#8221; show_bottom_space=&#8221;off&#8221; _builder_version=&#8221;4.16&#8243; _dynamic_attributes=&#8221;url&#8221; width=&#8221;16%&#8221; width_tablet=&#8221;&#8221; width_phone=&#8221;40%&#8221; width_last_edited=&#8221;on|desktop&#8221; module_alignment=&#8221;left&#8221; custom_margin=&#8221;||||false|false&#8221; custom_padding=&#8221;||||false|false&#8221; global_colors_info=&#8221;{}&#8221;][\/et_pb_image][\/et_pb_column][et_pb_column type=&#8221;1_6&#8243; _builder_version=&#8221;4.16&#8243; global_colors_info=&#8221;{}&#8221;][et_pb_image src=&#8221;https:\/\/www.bergsslussar.com\/wp-content\/uploads\/2021\/02\/BoiBerg-logo-svart-rgb1743341.png&#8221; url=&#8221;@ET-DC@eyJkeW5hbWljIjp0cnVlLCJjb250ZW50IjoicG9zdF9saW5rX3VybF9wYWdlIiwic2V0dGluZ3MiOnsicG9zdF9pZCI6IjU1NSJ9fQ==@&#8221; _builder_version=&#8221;4.16&#8243; _dynamic_attributes=&#8221;url&#8221; width=&#8221;50%&#8221; width_tablet=&#8221;20%&#8221; width_phone=&#8221;24%&#8221; width_last_edited=&#8221;on|tablet&#8221; module_alignment=&#8221;center&#8221; custom_padding=&#8221;9px||||false|false&#8221; global_colors_info=&#8221;{}&#8221;][\/et_pb_image][\/et_pb_column][et_pb_column type=&#8221;1_6&#8243; _builder_version=&#8221;4.16&#8243; global_colors_info=&#8221;{}&#8221;][et_pb_image src=&#8221;https:\/\/www.bergsslussar.com\/wp-content\/uploads\/2021\/02\/fikaiBerg-logo-svart-rgb1743341.png&#8221; url=&#8221;@ET-DC@eyJkeW5hbWljIjp0cnVlLCJjb250ZW50IjoicG9zdF9saW5rX3VybF9wYWdlIiwic2V0dGluZ3MiOnsicG9zdF9pZCI6IjUyOCJ9fQ==@&#8221; show_bottom_space=&#8221;off&#8221; _builder_version=&#8221;4.16&#8243; _dynamic_attributes=&#8221;url&#8221; width=&#8221;57%&#8221; width_tablet=&#8221;20%&#8221; width_phone=&#8221;26%&#8221; width_last_edited=&#8221;on|tablet&#8221; module_alignment=&#8221;center&#8221; custom_padding=&#8221;10px||||false|false&#8221; global_colors_info=&#8221;{}&#8221;][\/et_pb_image][\/et_pb_column][et_pb_column type=&#8221;1_6&#8243; _builder_version=&#8221;4.16&#8243; global_colors_info=&#8221;{}&#8221;][et_pb_image src=&#8221;https:\/\/www.bergsslussar.com\/wp-content\/uploads\/2021\/02\/golfiBerg-logo-svart-rgb1743341.png&#8221; url=&#8221;@ET-DC@eyJkeW5hbWljIjp0cnVlLCJjb250ZW50IjoicG9zdF9saW5rX3VybF9wYWdlIiwic2V0dGluZ3MiOnsicG9zdF9pZCI6IjU2MiJ9fQ==@&#8221; align_tablet=&#8221;center&#8221; align_phone=&#8221;center&#8221; align_last_edited=&#8221;on|desktop&#8221; _builder_version=&#8221;4.16&#8243; _dynamic_attributes=&#8221;url&#8221; width=&#8221;106%&#8221; width_tablet=&#8221;40%&#8221; width_phone=&#8221;50%&#8221; width_last_edited=&#8221;on|phone&#8221; module_alignment=&#8221;center&#8221; custom_margin=&#8221;12px|||||&#8221; custom_padding=&#8221;|||14px||&#8221; global_colors_info=&#8221;{}&#8221;][\/et_pb_image][\/et_pb_column][\/et_pb_row][\/et_pb_section][et_pb_section fb_built=&#8221;1&#8243; _builder_version=&#8221;4.21.0&#8243; background_color=&#8221;rgba(0,0,0,0.33)&#8221; background_image=&#8221;https:\/\/www.bergsslussar.com\/wp-content\/uploads\/2023\/05\/154840852-origpic-bb2c9e.jpg&#8221; background_blend=&#8221;multiply&#8221; custom_padding=&#8221;102px||98px|||&#8221; global_colors_info=&#8221;{}&#8221;][et_pb_row use_custom_gutter=&#8221;on&#8221; gutter_width=&#8221;1&#8243; make_equal=&#8221;on&#8221; _builder_version=&#8221;4.16&#8243; width=&#8221;100%&#8221; max_width=&#8221;1920px&#8221; custom_padding=&#8221;|0px|||false|false&#8221; global_colors_info=&#8221;{}&#8221;][et_pb_column type=&#8221;4_4&#8243; _builder_version=&#8221;4.16&#8243; global_colors_info=&#8221;{}&#8221;][et_pb_text _builder_version=&#8221;4.21.0&#8243; _module_preset=&#8221;default&#8221; header_font=&#8221;|600|||||||&#8221; header_text_align=&#8221;center&#8221; header_text_color=&#8221;#FFFFFF&#8221; header_font_size=&#8221;60px&#8221; header_font_size_tablet=&#8221;49px&#8221; header_font_size_phone=&#8221;39px&#8221; header_font_size_last_edited=&#8221;on|tablet&#8221; global_colors_info=&#8221;{}&#8221;]<\/p>\n<h1>Shuffleboard<\/h1>\n<p>[\/et_pb_text][\/et_pb_column][\/et_pb_row][\/et_pb_section][et_pb_section fb_built=&#8221;1&#8243; _builder_version=&#8221;4.16&#8243; custom_padding=&#8221;||31px|||&#8221; global_colors_info=&#8221;{}&#8221;][et_pb_row column_structure=&#8221;2_3,1_3&#8243; use_custom_gutter=&#8221;on&#8221; gutter_width=&#8221;1&#8243; make_equal=&#8221;on&#8221; _builder_version=&#8221;4.16&#8243; custom_padding=&#8221;0px||0px|||&#8221; global_colors_info=&#8221;{}&#8221;][et_pb_column type=&#8221;2_3&#8243; _builder_version=&#8221;4.16&#8243; global_colors_info=&#8221;{}&#8221;][et_pb_text _builder_version=&#8221;4.16&#8243; header_4_text_color=&#8221;#AE2129&#8243; header_4_font_size=&#8221;17px&#8221; custom_padding=&#8221;|28px||||&#8221; global_colors_info=&#8221;{}&#8221;]<\/p>\n<h3>V\u00e4lkommen att spela shuffleboard utomhus i Berg!<\/h3>\n<p>Nu lanserar vi en nyhet i Bergs slussar, n\u00e4mligen shuffleboard!\u00a0<\/p>\n<h4>Hur g\u00e5r det till?<\/h4>\n<p>Shuffleboard \u00e4r en enkel och social aktivitet som inte kr\u00e4ver n\u00e5gra f\u00f6rkunskaper. Spelet avser 2 eller fler spelare och g\u00e5r ut p\u00e5 att tv\u00e5 lag turas om att skjuta sina skivor fr\u00e5n den enda \u00e4nden till den andra \u00e4nden av po\u00e4ngtriangeln. Se regler och information nedan.<\/p>\n<p>[\/et_pb_text][et_pb_button button_url=&#8221;@ET-DC@eyJkeW5hbWljIjp0cnVlLCJjb250ZW50IjoicG9zdF9saW5rX3VybF9hdHRhY2htZW50Iiwic2V0dGluZ3MiOnsicG9zdF9pZCI6IjExNzcifX0=@&#8221; url_new_window=&#8221;on&#8221; button_text=&#8221;Spelregler&#8221; _builder_version=&#8221;4.21.0&#8243; _dynamic_attributes=&#8221;button_url&#8221; _module_preset=&#8221;default&#8221; custom_margin=&#8221;16px||||false|false&#8221; global_colors_info=&#8221;{}&#8221;][\/et_pb_button][et_pb_text _builder_version=&#8221;4.25.2&#8243; header_4_text_color=&#8221;#AE2129&#8243; header_4_font_size=&#8221;17px&#8221; custom_margin=&#8221;4%||||false|false&#8221; custom_margin_tablet=&#8221;5%||5%||true|false&#8221; custom_margin_phone=&#8221;15%||15%||false|false&#8221; custom_margin_last_edited=&#8221;on|desktop&#8221; custom_padding=&#8221;|28px||||&#8221; hover_enabled=&#8221;0&#8243; global_colors_info=&#8221;{}&#8221; sticky_enabled=&#8221;0&#8243;]<\/p>\n<h4>Priser<\/h4>\n<p><span>V\u00e4lkommen att spela shuffleboard p\u00e5 en av v\u00e5ra 2 utomhusbanor i Berg! Drop-in g\u00e4ller.<\/span><\/p>\n<p><span>Banorna hyrs ut per timme<\/span><\/p>\n<p><span>Pris: 150:-\/tim per bana<\/span><\/p>\n<p>[\/et_pb_text][\/et_pb_column][et_pb_column type=&#8221;1_3&#8243; _builder_version=&#8221;4.16&#8243; background_color=&#8221;#1d3a07&#8243; custom_padding=&#8221;21px|26px|21px|26px|true|true&#8221; global_colors_info=&#8221;{}&#8221;][et_pb_text _builder_version=&#8221;4.25.0&#8243; text_text_color=&#8221;#FFFFFF&#8221; header_text_color=&#8221;#FFFFFF&#8221; header_4_font=&#8221;|||on|||||&#8221; header_4_text_color=&#8221;#FFFFFF&#8221; header_6_text_color=&#8221;#ffffff&#8221; header_6_font_size=&#8221;12px&#8221; header_6_line_height=&#8221;1.5em&#8221; custom_margin=&#8221;|7px||-13px|false|false&#8221; custom_padding=&#8221;||0px|||&#8221; global_module=&#8221;785&#8243; saved_tabs=&#8221;all&#8221; global_colors_info=&#8221;{}&#8221;]<\/p>\n<h4><strong>\u00d6PPETTIDER 2024<\/strong><\/h4>\n<p><span><span dir=\"ltr\">27 april &#8211; 24 maj<\/span>\u00a0\u00a0<span dir=\"ltr\">10.00-20.00<br \/><\/span><\/span><span><span dir=\"ltr\">25 maj &#8211; 14 juni<\/span>\u00a0<span dir=\"ltr\">09.00-21.00<br \/><\/span><\/span><span><span dir=\"ltr\">15 juni &#8211; 11 aug<\/span>\u00a008.00-22.00<br \/><\/span><span><span dir=\"ltr\">12 aug &#8211; 25 aug<\/span>\u00a009.00-20.00<br \/><\/span><span><span dir=\"ltr\">26 aug &#8211; 15 sept<\/span>\u00a011.00-19.00<\/span><\/p>\n<div><\/div>\n<p>[\/et_pb_text][\/et_pb_column][\/et_pb_row][\/et_pb_section][et_pb_section fb_built=&#8221;1&#8243; _builder_version=&#8221;4.16&#8243; background_color=&#8221;rgba(73,51,0,0.1)&#8221; custom_padding=&#8221;109px||||false|false&#8221; top_divider_style=&#8221;wave&#8221; top_divider_color=&#8221;#ffffff&#8221; top_divider_height=&#8221;43px&#8221; top_divider_repeat=&#8221;5x&#8221; global_colors_info=&#8221;{}&#8221;][et_pb_row _builder_version=&#8221;4.21.0&#8243; background_color=&#8221;rgba(0,0,0,0)&#8221; global_colors_info=&#8221;{}&#8221;][et_pb_column type=&#8221;4_4&#8243; _builder_version=&#8221;4.16&#8243; global_colors_info=&#8221;{}&#8221;][et_pb_image src=&#8221;https:\/\/www.bergsslussar.com\/wp-content\/uploads\/2023\/05\/shuffleboard.png&#8221; title_text=&#8221;shuffleboard&#8221; align=&#8221;center&#8221; _builder_version=&#8221;4.21.0&#8243; global_colors_info=&#8221;{}&#8221;][\/et_pb_image][\/et_pb_column][\/et_pb_row][\/et_pb_section]<\/p>\n","protected":false},"excerpt":{"rendered":"<p>ShuffleboardV\u00e4lkommen att spela shuffleboard utomhus i Berg! Nu lanserar vi en nyhet i Bergs slussar, n\u00e4mligen shuffleboard!\u00a0 Hur g\u00e5r det till? Shuffleboard \u00e4r en enkel och social aktivitet som inte kr\u00e4ver n\u00e5gra f\u00f6rkunskaper. Spelet avser 2 eller fler spelare och g\u00e5r ut p\u00e5 att tv\u00e5 lag turas om att skjuta sina skivor fr\u00e5n den enda [&hellip;]<\/p>\n","protected":false},"author":1,"featured_media":0,"parent":0,"menu_order":0,"comment_status":"closed","ping_status":"closed","template":"","meta":{"_et_pb_use_builder":"on","_et_pb_old_content":"","_et_gb_content_width":"","om_disable_all_campaigns":false,"_monsterinsights_skip_tracking":false,"_monsterinsights_sitenote_active":false,"_monsterinsights_sitenote_note":"","_monsterinsights_sitenote_category":0,"footnotes":""},"class_list":["post-1171","page","type-page","status-publish","hentry"],"aioseo_notices":[],"_links":{"self":[{"href":"https:\/\/www.bergsslussar.com\/de\/wp-json\/wp\/v2\/pages\/1171","targetHints":{"allow":["GET"]}}],"collection":[{"href":"https:\/\/www.bergsslussar.com\/de\/wp-json\/wp\/v2\/pages"}],"about":[{"href":"https:\/\/www.bergsslussar.com\/de\/wp-json\/wp\/v2\/types\/page"}],"author":[{"embeddable":true,"href":"https:\/\/www.bergsslussar.com\/de\/wp-json\/wp\/v2\/users\/1"}],"replies":[{"embeddable":true,"href":"https:\/\/www.bergsslussar.com\/de\/wp-json\/wp\/v2\/comments?post=1171"}],"version-history":[{"count":10,"href":"https:\/\/www.bergsslussar.com\/de\/wp-json\/wp\/v2\/pages\/1171\/revisions"}],"predecessor-version":[{"id":1286,"href":"https:\/\/www.bergsslussar.com\/de\/wp-json\/wp\/v2\/pages\/1171\/revisions\/1286"}],"wp:attachment":[{"href":"https:\/\/www.bergsslussar.com\/de\/wp-json\/wp\/v2\/media?parent=1171"}],"curies":[{"name":"wp","href":"https:\/\/api.w.org\/{rel}","templated":true}]}}